{"id":25698,"date":"2024-05-11T15:14:38","date_gmt":"2024-05-11T15:14:38","guid":{"rendered":"https:\/\/compilesystems.com\/new\/?page_id=25698"},"modified":"2025-02-04T13:13:39","modified_gmt":"2025-02-04T13:13:39","slug":"instalacoes","status":"publish","type":"page","link":"https:\/\/compilesystems.com\/pt\/instalacoes\/","title":{"rendered":"Instala\u00e7\u00f5es"},"content":{"rendered":"<div data-elementor-type=\"wp-page\" data-elementor-id=\"25698\" class=\"elementor elementor-25698\">\n\t\t\t\t<div class=\"elementor-element elementor-element-a0ad7e3 thegem-e-con-layout-elementor e-flex e-con-boxed e-con e-parent\" data-id=\"a0ad7e3\" data-element_type=\"container\" data-settings=\"{&quot;thegem_container_layout&quot;:&quot;elementor&quot;}\">\n\t\t\t\t\t<div class=\"e-con-inner\">\n\t\t<div class=\"elementor-element elementor-element-7740f65 e-con-full thegem-e-con-layout-elementor e-flex e-con e-child\" data-id=\"7740f65\" data-element_type=\"container\" data-settings=\"{&quot;thegem_container_layout&quot;:&quot;elementor&quot;}\">\n\t\t\t\t<div class=\"elementor-element elementor-element-477885b flex-horizontal-align-default flex-horizontal-align-tablet-default flex-horizontal-align-mobile-default flex-vertical-align-default flex-vertical-align-tablet-default flex-vertical-align-mobile-default elementor-widget elementor-widget-image\" data-id=\"477885b\" data-element_type=\"widget\" data-widget_type=\"image.default\">\n\t\t\t\t<div class=\"elementor-widget-container\">\n\t\t\t<style>\/*! elementor - v3.21.0 - 30-04-2024 *\/\n.elementor-widget-image{text-align:center}.elementor-widget-image a{display:inline-block}.elementor-widget-image a img[src$=\".svg\"]{width:48px}.elementor-widget-image img{vertical-align:middle;display:inline-block}<\/style>\t\t\t\t\t\t\t\t\t\t<img width=\"1024\" height=\"768\" src=\"https:\/\/compilesystems.com\/wp-content\/uploads\/2025\/02\/img2-1024x768.jpg\" class=\"attachment-large size-large wp-image-25902\" alt=\"\" srcset=\"https:\/\/compilesystems.com\/wp-content\/uploads\/2025\/02\/img2-1024x768.jpg 1024w, https:\/\/compilesystems.com\/wp-content\/uploads\/2025\/02\/img2-300x225.jpg 300w, https:\/\/compilesystems.com\/wp-content\/uploads\/2025\/02\/img2-768x576.jpg 768w, https:\/\/compilesystems.com\/wp-content\/uploads\/2025\/02\/img2-1536x1152.jpg 1536w, https:\/\/compilesystems.com\/wp-content\/uploads\/2025\/02\/img2-2048x1536.jpg 2048w\" sizes=\"(max-width: 1024px) 100vw, 1024px\" \/>\t\t\t\t\t\t\t\t\t\t\t\t\t<\/div>\n\t\t\t\t<\/div>\n\t\t\t\t<\/div>\n\t\t<div class=\"elementor-element elementor-element-c781962 e-con-full thegem-e-con-layout-elementor e-flex e-con e-child\" data-id=\"c781962\" data-element_type=\"container\" data-settings=\"{&quot;thegem_container_layout&quot;:&quot;elementor&quot;}\">\n\t\t\t\t<div class=\"elementor-element elementor-element-10fbc1b flex-horizontal-align-default flex-horizontal-align-tablet-default flex-horizontal-align-mobile-default flex-vertical-align-default flex-vertical-align-tablet-default flex-vertical-align-mobile-default elementor-invisible elementor-widget elementor-widget-heading\" data-id=\"10fbc1b\" data-element_type=\"widget\" data-settings=\"{&quot;_animation&quot;:&quot;fadeInUp&quot;}\" data-widget_type=\"heading.default\">\n\t\t\t\t<div class=\"elementor-widget-container\">\n\t\t\t<style>\/*! elementor - v3.21.0 - 30-04-2024 *\/\n.elementor-heading-title{padding:0;margin:0;line-height:1}.elementor-widget-heading .elementor-heading-title[class*=elementor-size-]>a{color:inherit;font-size:inherit;line-height:inherit}.elementor-widget-heading .elementor-heading-title.elementor-size-small{font-size:15px}.elementor-widget-heading .elementor-heading-title.elementor-size-medium{font-size:19px}.elementor-widget-heading .elementor-heading-title.elementor-size-large{font-size:29px}.elementor-widget-heading .elementor-heading-title.elementor-size-xl{font-size:39px}.elementor-widget-heading .elementor-heading-title.elementor-size-xxl{font-size:59px}<\/style><div class=\"title-h2 light elementor-heading-title elementor-size-default\">INSTALA\u00c7\u00d5ES (MONTAGEM DE PAINEL, INTERLIGA\u00c7\u00c3O DE INSTRUMENTOS E INFRAESTRUTURA EL\u00c9TRICA)<\/div>\t\t<\/div>\n\t\t\t\t<\/div>\n\t\t\t\t<div class=\"elementor-element elementor-element-9bde7cf flex-horizontal-align-default flex-horizontal-align-tablet-default flex-horizontal-align-mobile-default flex-vertical-align-default flex-vertical-align-tablet-default flex-vertical-align-mobile-default elementor-widget elementor-widget-text-editor\" data-id=\"9bde7cf\" data-element_type=\"widget\" data-widget_type=\"text-editor.default\">\n\t\t\t\t<div class=\"elementor-widget-container\">\n\t\t\t<style>\/*! elementor - v3.21.0 - 30-04-2024 *\/\n.elementor-widget-text-editor.elementor-drop-cap-view-stacked .elementor-drop-cap{background-color:#69727d;color:#fff}.elementor-widget-text-editor.elementor-drop-cap-view-framed .elementor-drop-cap{color:#69727d;border:3px solid;background-color:transparent}.elementor-widget-text-editor:not(.elementor-drop-cap-view-default) .elementor-drop-cap{margin-top:8px}.elementor-widget-text-editor:not(.elementor-drop-cap-view-default) .elementor-drop-cap-letter{width:1em;height:1em}.elementor-widget-text-editor .elementor-drop-cap{float:left;text-align:center;line-height:1;font-size:50px}.elementor-widget-text-editor .elementor-drop-cap-letter{display:inline-block}<\/style>\t\t\t\t\t\t\t<div class=\"elementor-text-editor elementor-clearfix\">\r\n\t\t\t\t\t\t<p>A execu\u00e7\u00e3o de instala\u00e7\u00f5es em automa\u00e7\u00e3o industrial compreende a <b>montagem de pain\u00e9is el\u00e9tricos, infraestrutura e a instala\u00e7\u00e3o de instrumentos<\/b>. Esse servi\u00e7o abrange desde a concep\u00e7\u00e3o do layout at\u00e9 a implementa\u00e7\u00e3o efetiva no ambiente industrial, assegurando a integridade dos sistemas e a conformidade com normas t\u00e9cnicas. A expertise nesse processo garante a efici\u00eancia operacional e a confiabilidade dos equipamentos.<\/p>\n<p>Oferecemos servi\u00e7os abrangentes de instala\u00e7\u00f5es em automa\u00e7\u00e3o industrial. Nossa equipe especializada realiza a montagem normatizada de pain\u00e9is, desenvolve infraestruturas eficientes e efetua a instala\u00e7\u00e3o de instrumentos com rigor t\u00e9cnico, proporcionando solu\u00e7\u00f5es confi\u00e1veis e alinhadas com as demandas espec\u00edficas de cada projeto industrial.<\/p>\t\t\t\t\t\t\t<\/div>\r\n\t\t\t\t\t\t\t\t<\/div>\n\t\t\t\t<\/div>\n\t\t\t\t<\/div>\n\t\t\t\t\t<\/div>\n\t\t\t\t<\/div>\n\t\t\t\t<\/div>","protected":false},"excerpt":{"rendered":"<p>INSTALA\u00c7\u00d5ES (MONTAGEM DE PAINEL, INTERLIGA\u00c7\u00c3O DE INSTRUMENTOS E INFRAESTRUTURA EL\u00c9TRICA) A execu\u00e7\u00e3o de instala\u00e7\u00f5es em automa\u00e7\u00e3o industrial compreende a montagem&#8230;<\/p>","protected":false},"author":1,"featured_media":0,"parent":0,"menu_order":0,"comment_status":"closed","ping_status":"closed","template":"page-fullwidth.php","meta":{"footnotes":""},"class_list":["post-25698","page","type-page","status-publish"],"_links":{"self":[{"href":"https:\/\/compilesystems.com\/pt\/wp-json\/wp\/v2\/pages\/25698","targetHints":{"allow":["GET"]}}],"collection":[{"href":"https:\/\/compilesystems.com\/pt\/wp-json\/wp\/v2\/pages"}],"about":[{"href":"https:\/\/compilesystems.com\/pt\/wp-json\/wp\/v2\/types\/page"}],"author":[{"embeddable":true,"href":"https:\/\/compilesystems.com\/pt\/wp-json\/wp\/v2\/users\/1"}],"replies":[{"embeddable":true,"href":"https:\/\/compilesystems.com\/pt\/wp-json\/wp\/v2\/comments?post=25698"}],"version-history":[{"count":16,"href":"https:\/\/compilesystems.com\/pt\/wp-json\/wp\/v2\/pages\/25698\/revisions"}],"predecessor-version":[{"id":25905,"href":"https:\/\/compilesystems.com\/pt\/wp-json\/wp\/v2\/pages\/25698\/revisions\/25905"}],"wp:attachment":[{"href":"https:\/\/compilesystems.com\/pt\/wp-json\/wp\/v2\/media?parent=25698"}],"curies":[{"name":"wp","href":"https:\/\/api.w.org\/{rel}","templated":true}]}}