{"id":25707,"date":"2024-05-11T15:18:08","date_gmt":"2024-05-11T15:18:08","guid":{"rendered":"https:\/\/compilesystems.com\/new\/?page_id=25707"},"modified":"2024-05-14T16:46:59","modified_gmt":"2024-05-14T16:46:59","slug":"reparos-de-equipamentos","status":"publish","type":"page","link":"https:\/\/compilesystems.com\/pt\/reparos-de-equipamentos\/","title":{"rendered":"Reparos de Equipamentos"},"content":{"rendered":"<div data-elementor-type=\"wp-page\" data-elementor-id=\"25707\" class=\"elementor elementor-25707\">\n\t\t\t\t\t\t<section class=\"elementor-section elementor-top-section elementor-element elementor-element-7aa1b7b elementor-section-full_width elementor-section-height-default elementor-section-height-default\" data-id=\"7aa1b7b\" data-element_type=\"section\">\r\n\t\t\t\t\t\t<div class=\"elementor-container elementor-column-gap-no\"><div class=\"elementor-row\">\r\n\t\t\t\t\t<div class=\"elementor-column elementor-col-100 elementor-top-column elementor-element elementor-element-29b6fa64\" data-id=\"29b6fa64\" data-element_type=\"column\">\n\t\t\t<div class=\"elementor-widget-wrap elementor-element-populated\">\n\t\t\t\t\t\t<div class=\"elementor-element elementor-element-a77d4bf flex-horizontal-align-default flex-horizontal-align-tablet-default flex-horizontal-align-mobile-default flex-vertical-align-default flex-vertical-align-tablet-default flex-vertical-align-mobile-default elementor-invisible elementor-widget elementor-widget-heading\" data-id=\"a77d4bf\" data-element_type=\"widget\" data-settings=\"{&quot;_animation&quot;:&quot;fadeInUp&quot;}\" data-widget_type=\"heading.default\">\n\t\t\t\t<div class=\"elementor-widget-container\">\n\t\t\t<style>\/*! elementor - v3.21.0 - 30-04-2024 *\/\n.elementor-heading-title{padding:0;margin:0;line-height:1}.elementor-widget-heading .elementor-heading-title[class*=elementor-size-]>a{color:inherit;font-size:inherit;line-height:inherit}.elementor-widget-heading .elementor-heading-title.elementor-size-small{font-size:15px}.elementor-widget-heading .elementor-heading-title.elementor-size-medium{font-size:19px}.elementor-widget-heading .elementor-heading-title.elementor-size-large{font-size:29px}.elementor-widget-heading .elementor-heading-title.elementor-size-xl{font-size:39px}.elementor-widget-heading .elementor-heading-title.elementor-size-xxl{font-size:59px}<\/style><div class=\"title-h2 light elementor-heading-title elementor-size-default\">REPARO DE EQUIPAMENTOS (PLC, INVERSOR, IHM, CART\u00d5ES E ETC)<\/div>\t\t<\/div>\n\t\t\t\t<\/div>\n\t\t\t\t<div class=\"elementor-element elementor-element-65d638c flex-horizontal-align-default flex-horizontal-align-tablet-default flex-horizontal-align-mobile-default flex-vertical-align-default flex-vertical-align-tablet-default flex-vertical-align-mobile-default elementor-widget elementor-widget-text-editor\" data-id=\"65d638c\" data-element_type=\"widget\" data-widget_type=\"text-editor.default\">\n\t\t\t\t<div class=\"elementor-widget-container\">\n\t\t\t<style>\/*! elementor - v3.21.0 - 30-04-2024 *\/\n.elementor-widget-text-editor.elementor-drop-cap-view-stacked .elementor-drop-cap{background-color:#69727d;color:#fff}.elementor-widget-text-editor.elementor-drop-cap-view-framed .elementor-drop-cap{color:#69727d;border:3px solid;background-color:transparent}.elementor-widget-text-editor:not(.elementor-drop-cap-view-default) .elementor-drop-cap{margin-top:8px}.elementor-widget-text-editor:not(.elementor-drop-cap-view-default) .elementor-drop-cap-letter{width:1em;height:1em}.elementor-widget-text-editor .elementor-drop-cap{float:left;text-align:center;line-height:1;font-size:50px}.elementor-widget-text-editor .elementor-drop-cap-letter{display:inline-block}<\/style>\t\t\t\t\t\t\t<div class=\"elementor-text-editor elementor-clearfix\">\r\n\t\t\t\t\t\t<p class=\"p1\">O <strong>servi\u00e7o de reparo de equipamentos na \u00e1rea de automa\u00e7\u00e3o industrial abrange a restaura\u00e7\u00e3o de componentes cruciais como PLCs, IHMs, cart\u00f5es e remotas<\/strong>. Este processo inclui diagn\u00f3stico preciso, substitui\u00e7\u00e3o de pe\u00e7as defeituosas e a realiza\u00e7\u00e3o de testes rigorosos para assegurar a plena funcionalidade dos dispositivos. Esse servi\u00e7o desempenha um papel vital na manuten\u00e7\u00e3o preventiva, minimizando o tempo de inatividade e otimizando a efici\u00eancia operacional.<\/p><p class=\"p1\">A Compile realiza diagn\u00f3sticos precisos, executa reparos eficientes e implementa testes abrangentes, garantindo a r\u00e1pida restaura\u00e7\u00e3o e o desempenho confi\u00e1vel dos dispositivos, contribuindo assim para a continuidade operacional nas ind\u00fastrias.<\/p>\t\t\t\t\t\t\t<\/div>\r\n\t\t\t\t\t\t\t\t<\/div>\n\t\t\t\t<\/div>\n\t\t\t\t<div class=\"elementor-element elementor-element-ff69745 flex-horizontal-align-default flex-horizontal-align-tablet-default flex-horizontal-align-mobile-default flex-vertical-align-default flex-vertical-align-tablet-default flex-vertical-align-mobile-default elementor-widget elementor-widget-thegem-styledbutton\" data-id=\"ff69745\" data-element_type=\"widget\" data-settings=\"{&quot;thegem_button_skin&quot;:&quot;flat&quot;,&quot;add_icon&quot;:&quot;yes&quot;}\" data-widget_type=\"thegem-styledbutton.default\">\n\t\t\t\t<div class=\"elementor-widget-container\">\n\t\t\t\n<div class=\"gem-button-container gem-widget-button\">\n\n\t\t<a class=\"gem-button gem-button-size-tiny gem-button-text-weight-bold gem-button-style-flat\" href=\"https:\/\/whatsa.me\/5511964398740\/?t=Ola,%20gostaria%20de%20saber%20mais%20sobre%20os%20servi%C3%A7os\">\n\t\t<span class=\"gem-inner-wrapper-btn\">\n\t\t\t\t\t\t\t<span class=\"gem-button-icon\">\n\t\t\t\t\t<svg aria-hidden=\"true\" class=\"e-font-icon-svg e-fas-arrow-right\" viewbox=\"0 0 448 512\" xmlns=\"http:\/\/www.w3.org\/2000\/svg\"><path d=\"M190.5 66.9l22.2-22.2c9.4-9.4 24.6-9.4 33.9 0L441 239c9.4 9.4 9.4 24.6 0 33.9L246.6 467.3c-9.4 9.4-24.6 9.4-33.9 0l-22.2-22.2c-9.5-9.5-9.3-25 .4-34.3L311.4 296H24c-13.3 0-24-10.7-24-24v-32c0-13.3 10.7-24 24-24h287.4L190.9 101.2c-9.8-9.3-10-24.8-.4-34.3z\"><\/path><\/svg>\t\t\t\t<\/span>\n\t\t\t\t\t\t<span class=\"gem-text-button\">\n\t\t\t\tFale Conosco\t\t\t<\/span>\n\t\t<\/span>\n\t<\/a>\n\n\t\n<\/div>\t\t<\/div>\n\t\t\t\t<\/div>\n\t\t\t\t\t<\/div>\n\t\t<\/div>\n\t\t\t\t\t<\/div><\/div>\r\n\t\t<\/section>\r\n\t\t\t\t<\/div>","protected":false},"excerpt":{"rendered":"<p>REPARO DE EQUIPAMENTOS (PLC, INVERSOR, IHM, CART\u00d5ES E ETC) O servi\u00e7o de reparo de equipamentos na \u00e1rea de automa\u00e7\u00e3o industrial&#8230;<\/p>","protected":false},"author":1,"featured_media":0,"parent":0,"menu_order":0,"comment_status":"closed","ping_status":"closed","template":"page-fullwidth.php","meta":{"footnotes":""},"class_list":["post-25707","page","type-page","status-publish"],"_links":{"self":[{"href":"https:\/\/compilesystems.com\/pt\/wp-json\/wp\/v2\/pages\/25707","targetHints":{"allow":["GET"]}}],"collection":[{"href":"https:\/\/compilesystems.com\/pt\/wp-json\/wp\/v2\/pages"}],"about":[{"href":"https:\/\/compilesystems.com\/pt\/wp-json\/wp\/v2\/types\/page"}],"author":[{"embeddable":true,"href":"https:\/\/compilesystems.com\/pt\/wp-json\/wp\/v2\/users\/1"}],"replies":[{"embeddable":true,"href":"https:\/\/compilesystems.com\/pt\/wp-json\/wp\/v2\/comments?post=25707"}],"version-history":[{"count":19,"href":"https:\/\/compilesystems.com\/pt\/wp-json\/wp\/v2\/pages\/25707\/revisions"}],"predecessor-version":[{"id":25798,"href":"https:\/\/compilesystems.com\/pt\/wp-json\/wp\/v2\/pages\/25707\/revisions\/25798"}],"wp:attachment":[{"href":"https:\/\/compilesystems.com\/pt\/wp-json\/wp\/v2\/media?parent=25707"}],"curies":[{"name":"wp","href":"https:\/\/api.w.org\/{rel}","templated":true}]}}